{"id":291,"date":"2020-10-29T10:28:20","date_gmt":"2020-10-29T08:28:20","guid":{"rendered":"https:\/\/ottomantercume.com\/services\/verbal-translation\/"},"modified":"2020-11-03T20:18:06","modified_gmt":"2020-11-03T18:18:06","slug":"verbal-translation","status":"publish","type":"page","link":"https:\/\/ottomantercume.com\/tr\/services\/verbal-translation\/","title":{"rendered":"S\u00f6zl\u00fc \u00e7eviri"},"content":{"rendered":"","protected":false},"excerpt":{"rendered":"","protected":false},"author":1,"featured_media":21,"parent":281,"menu_order":5,"comment_status":"closed","ping_status":"closed","template":"","meta":{"inline_featured_image":false,"_glsr_average":0,"_glsr_ranking":0,"_glsr_reviews":0,"footnotes":""},"_links":{"self":[{"href":"https:\/\/ottomantercume.com\/tr\/wp-json\/wp\/v2\/pages\/291\/"}],"collection":[{"href":"https:\/\/ottomantercume.com\/tr\/wp-json\/wp\/v2\/pages\/"}],"about":[{"href":"https:\/\/ottomantercume.com\/tr\/wp-json\/wp\/v2\/types\/page\/"}],"author":[{"embeddable":true,"href":"https:\/\/ottomantercume.com\/tr\/wp-json\/wp\/v2\/users\/1\/"}],"replies":[{"embeddable":true,"href":"https:\/\/ottomantercume.com\/tr\/wp-json\/wp\/v2\/comments\/?post=291"}],"version-history":[{"count":2,"href":"https:\/\/ottomantercume.com\/tr\/wp-json\/wp\/v2\/pages\/291\/revisions\/"}],"predecessor-version":[{"id":403,"href":"https:\/\/ottomantercume.com\/tr\/wp-json\/wp\/v2\/pages\/291\/revisions\/403\/"}],"up":[{"embeddable":true,"href":"https:\/\/ottomantercume.com\/tr\/wp-json\/wp\/v2\/pages\/281\/"}],"wp:featuredmedia":[{"embeddable":true,"href":"https:\/\/ottomantercume.com\/tr\/wp-json\/wp\/v2\/media\/21\/"}],"wp:attachment":[{"href":"https:\/\/ottomantercume.com\/tr\/wp-json\/wp\/v2\/media\/?parent=291"}],"curies":[{"name":"wp","href":"https:\/\/api.w.org\/{rel}","templated":true}]}}